{"id":643,"date":"2019-05-04T04:14:19","date_gmt":"2019-05-04T04:14:19","guid":{"rendered":"https:\/\/apusthemes.com\/wp-demo\/careerup\/product\/golden-jobs-copy\/"},"modified":"2023-07-29T23:52:30","modified_gmt":"2023-07-29T23:52:30","slug":"black-laundry-tablet","status":"publish","type":"product","link":"https:\/\/antixclean.com.tr\/tr\/urun\/black-laundry-tablet\/","title":{"rendered":"Antixclean Black laundry tablet"},"content":{"rendered":"<p><strong>Siyah \u00e7ama\u015f\u0131r tableti<\/strong><br \/>\nHer zaman yeni gibi, canl\u0131 renk deneyimi<br \/>\nANTI-X CLEAN siyah \u00e7ama\u015f\u0131r tableti, \u00f6zel geli\u015ftirilmi\u015f form\u00fcl\u00fc sayesinde siyah \u00e7ama\u015f\u0131rlar\u0131n\u0131zda olu\u015fan renk ve doku kayb\u0131n\u0131 \u00f6nler ve d\u00fczenli kullan\u0131mda siyah \u00e7ama\u015f\u0131rlar\u0131n\u0131z\u0131 ilk g\u00fcnk\u00fc gibi yapar.<\/p>\n<p>\u2014\u2014\u2014\u2014\u2014\u2014\u2014\u2014\u2014<\/p>\n<p><strong>Tehlikeli \u0130fadeler:<\/strong><br \/>\nSiyah k\u0131yafetlerin hep siyah kal\u0131r.<br \/>\nT\u00fcm lekelere kar\u015f\u0131 etkilidir.<br \/>\n\u00c7ama\u015f\u0131rlar\u0131n\u0131z\u0131 sararmaz, s\u00fcrekli beyazl\u0131k sa\u011flar.<br \/>\nT\u00fcyleri giderir, kuma\u015f dokusunu korur.<br \/>\n\u00dcretim tarihi ve seri numaras\u0131 kapa\u011f\u0131n \u00fczerindedir. son kullanma tarihi \u00fcretim tarihinden itibaren 24 ayd\u0131r.<\/p>\n<p>\u2014\u2014\u2014\u2014\u2014\u2014\u2014\u2014\u2014<\/p>\n<p>G\u00fc\u00e7l\u00fc doku, Onar\u0131c\u0131 doku, Renk korumas\u0131<\/p>\n<p>\u2014\u2014\u2014\u2014\u2014\u2014\u2014\u2014\u2014<\/p>\n<p>\u00c7ama\u015f\u0131rlar\u0131n\u0131z\u0131n lekesine g\u00f6re 1-2 tableti makinenizin tamburuna veya deterjan \u00e7ekmecesine at\u0131n.<br \/>\nElde y\u0131kama i\u00e7in, \u00e7ama\u015f\u0131rlar\u0131n\u0131z\u0131n lekelerine g\u00f6re 1 veya 2 tableti temizleme kovas\u0131nda \u00e7\u00f6zd\u00fckten sonra temizleme i\u015flemine ba\u015flayabilirsiniz.<\/p>\n<p>\u2014\u2014\u2014\u2014\u2014\u2014\u2014\u2014\u2014<\/p>\n<p>Etilendiamintetraasetik asit<br \/>\nSodyum karbonat<br \/>\nSodyum perkarbonat (oksijen bazl\u0131 a\u011fart\u0131c\u0131)<br \/>\nSodyum lauril s\u00fclfat<br \/>\nPolivinilpirolidon<br \/>\nEnzim<br \/>\nParf\u00fcm<\/p>","protected":false},"excerpt":{"rendered":"<p>Antix Clean black laundry tablets. Thanks to the special components in the tablet, your black laundry will remain as fresh as the first day. Antix Clean product repairs your laundry when used regularly.<\/p>","protected":false},"featured_media":3423,"template":"","meta":{"inline_featured_image":false},"product_cat":[15],"product_tag":[],"class_list":["post-643","product","type-product","status-publish","has-post-thumbnail","hentry","product_cat-antixclean"],"_links":{"self":[{"href":"https:\/\/antixclean.com.tr\/tr\/wp-json\/wp\/v3\/product\/643","targetHints":{"allow":["GET"]}}],"collection":[{"href":"https:\/\/antixclean.com.tr\/tr\/wp-json\/wp\/v3\/product"}],"about":[{"href":"https:\/\/antixclean.com.tr\/tr\/wp-json\/wp\/v2\/types\/product"}],"wp:featuredmedia":[{"embeddable":true,"href":"https:\/\/antixclean.com.tr\/tr\/wp-json\/wp\/v2\/media\/3423"}],"wp:attachment":[{"href":"https:\/\/antixclean.com.tr\/tr\/wp-json\/wp\/v2\/media?parent=643"}],"wp:term":[{"taxonomy":"product_cat","embeddable":true,"href":"https:\/\/antixclean.com.tr\/tr\/wp-json\/wp\/v2\/product_cat?post=643"},{"taxonomy":"product_tag","embeddable":true,"href":"https:\/\/antixclean.com.tr\/tr\/wp-json\/wp\/v2\/product_tag?post=643"}],"curies":[{"name":"wp","href":"https:\/\/api.w.org\/{rel}","templated":true}]}}