{"id":641,"date":"2019-05-04T04:12:20","date_gmt":"2019-05-04T04:12:20","guid":{"rendered":"https:\/\/apusthemes.com\/wp-demo\/careerup\/?post_type=product&#038;p=641"},"modified":"2023-07-29T22:52:40","modified_gmt":"2023-07-29T22:52:40","slug":"automatic-toilet-bowl-cleaner","status":"publish","type":"product","link":"https:\/\/antixclean.com.tr\/tr\/urun\/automatic-toilet-bowl-cleaner\/","title":{"rendered":"Antixclean Automatic toilet bowl cleaner"},"content":{"rendered":"<p><strong>ANTI-X CLEAN automatic toilet cleaning tablet<\/strong><\/p>\n<p><span style=\"font-weight: 400;\">Easy use: by throwing the ANTI-X CLEAN automatic toiler cleaner tablet into the water tank of your toilet, you will provide continuous hygiene and cleanliness in your toilet.<\/span><\/p>\n<p><span style=\"font-weight: 400;\">ANTI-X CLEAN otomatik klozet temizleme tabletinden 1 tablet 1000 kullan\u0131ma kadar klozetinizde temizlik sa\u011flar.<\/span><\/p>\n<p><span style=\"font-weight: 400;\">Bleach effect: leaves hygienic effect of the bleach in your toilet for each use. you will not need to clean your toilet constantly.<\/span><\/p>\n<p><span style=\"font-weight: 400;\">Removes bad smells helps you to remove bad smells, leaving fresh scent in your entire toilet for each use.<\/span><\/p>\n<p><span style=\"font-weight: 400;\">Su deposu i\u00e7indeki kire\u00e7 birikintilerini giderir.<\/span><\/p>\n<p><span style=\"font-weight: 400;\">Remove stains: thanks to its strong whitening effect, ANTI-X CLEAN automatic toilet cleaning tablet removes stains formed in your toilet and prevents the later formations of stains. helps also to remove lime in your toilet.<\/span><\/p>\n<p>\u2014\u2014\u2014\u2014\u2014\u2014\u2014\u2014\u2014<\/p>\n<p><strong>How to use:<\/strong><\/p>\n<p><span style=\"font-weight: 400;\">- Su haznesini kir, tortu ve t\u0131kanma durumunda temizleyin.<br \/>\n<\/span><span style=\"font-weight: 400;\">- ANTI-X CLEAN Otomatik Tuvalet Temizleme Tabletlerinin kutusundan bir tablet al\u0131n ve tablet po\u015fetini kesin.<br \/>\n<\/span><span style=\"font-weight: 400;\">\u2013 tableti su deposu giderinden en uzak yere at\u0131n\u0131z.<br \/>\n<\/span><span style=\"font-weight: 400;\">\u2013 S\u00fcrekli hijyen sa\u011flamak i\u00e7in tuvaletinizin su deposunu d\u00fczenli olarak kontrol ediniz.<br \/>\n<\/span><span style=\"font-weight: 400;\">\u2013 El, y\u00fcz, v\u00fccut ve yiyecek temizli\u011finde kullanmay\u0131n\u0131z.<br \/>\n<\/span><span style=\"font-weight: 400;\">\u2013 yiyeceklerden uzak tutunuz.<br \/>\n<\/span><span style=\"font-weight: 400;\">\u2013 ba\u015fka \u00fcr\u00fcn veya maddelerle kar\u0131\u015ft\u0131rmay\u0131n\u0131z.<\/span><\/p>","protected":false},"excerpt":{"rendered":"<p class=\"p1\"><strong>Antix Clean Toilet Cleaner Tablets<\/strong><\/p>\n<p><strong>Easy of use:<\/strong> When you put an Antix Clean Automatic Toilet Cleaner tablet into the water tank of your toilet, an Antix Clean Automatic Toilet Cleaner Tablet flushes up to 1000 times.<br \/>\n<strong>Whitening Effect:<\/strong> It leaves a healthy whitening effect in your toilet with every use. You will not need to constantly clean it.<br \/>\n<strong>Eliminates Odors:<\/strong> It helps you to eliminate unpleasant odors and leave a fresh scent in your entire toilet with every use.<br \/>\n<strong>Stain Removal:<\/strong> 1 tablet Antix Clean automatic toilet bowl cleaner, with its strong whitening effect, removes tough stains and prevents subsequent stain formation. It also helps to remove limescale.<\/p>","protected":false},"featured_media":3421,"template":"","meta":{"inline_featured_image":false},"product_cat":[15],"product_tag":[],"class_list":["post-641","product","type-product","status-publish","has-post-thumbnail","hentry","product_cat-antixclean"],"_links":{"self":[{"href":"https:\/\/antixclean.com.tr\/tr\/wp-json\/wp\/v3\/product\/641","targetHints":{"allow":["GET"]}}],"collection":[{"href":"https:\/\/antixclean.com.tr\/tr\/wp-json\/wp\/v3\/product"}],"about":[{"href":"https:\/\/antixclean.com.tr\/tr\/wp-json\/wp\/v2\/types\/product"}],"wp:featuredmedia":[{"embeddable":true,"href":"https:\/\/antixclean.com.tr\/tr\/wp-json\/wp\/v2\/media\/3421"}],"wp:attachment":[{"href":"https:\/\/antixclean.com.tr\/tr\/wp-json\/wp\/v2\/media?parent=641"}],"wp:term":[{"taxonomy":"product_cat","embeddable":true,"href":"https:\/\/antixclean.com.tr\/tr\/wp-json\/wp\/v2\/product_cat?post=641"},{"taxonomy":"product_tag","embeddable":true,"href":"https:\/\/antixclean.com.tr\/tr\/wp-json\/wp\/v2\/product_tag?post=641"}],"curies":[{"name":"wp","href":"https:\/\/api.w.org\/{rel}","templated":true}]}}