{"id":584,"date":"2019-06-03T04:41:26","date_gmt":"2019-06-03T04:41:26","guid":{"rendered":"https:\/\/apusthemes.com\/wp-demo\/careerup\/?post_type=product&#038;p=584"},"modified":"2023-07-29T23:31:13","modified_gmt":"2023-07-29T23:31:13","slug":"small-home-applinvce-cleaner-tablet","status":"publish","type":"product","link":"https:\/\/antixclean.com.tr\/tr\/urun\/small-home-applinvce-cleaner-tablet\/","title":{"rendered":"Antixclean Small home applinvce cleaner tablet"},"content":{"rendered":"<p><strong>\u0130\u00c7\u0130NDEK\u0130LER;<\/strong><br \/>\nTartarik Asit &gt;<br \/>\nS\u00fclfamik Asit %5-15<br \/>\nSitrik Asit &lt;%5<\/p>\n<p>\u2014\u2014\u2014\u2014\u2014\u2014\u2014\u2014\u2014<\/p>\n<p><strong>6-ETK\u0130L\u0130 TEM\u0130ZL\u0130K<\/strong><br \/>\n\u2022 K\u0130R, K\u0130RE\u00c7 VE DETERJAN KALINTILARINI \u00c7IKARIR.<br \/>\n\u2022 K\u00d6T\u00dc KOKULARI G\u0130DER\u0130R.<br \/>\n\u2022 H\u0130JYEN SA\u011eLAR<br \/>\n\u2022 EKSTRA TAZEL\u0130K SA\u011eLAR.<br \/>\n\u2022 0 ETK\u0130L\u0130 MAK\u0130NE PERFORMANSI<br \/>\n\u2022 MAK\u0130NEN\u0130Z\u0130 KORUR<\/p>\n<p>\u2014\u2014\u2014\u2014\u2014\u2014\u2014\u2014\u2014<\/p>\n<p><strong>K\u00dc\u00c7\u00dcK EV ALETLER\u0130 TEM\u0130ZLEY\u0130C\u0130S\u0130<\/strong><br \/>\n\u2022 SU ISITICILARI \u0130\u00c7\u0130N: Su \u0131s\u0131t\u0131c\u0131n\u0131za 500 ml su doldurun ve 1 tablet ANTI-X clean K\u00fc\u00e7\u00fck Ev Aletleri Temizleme Tableti ekleyin. Daha sonra kapa\u011f\u0131 a\u00e7\u0131k olarak su kaynayana kadar bekleyin, kaynad\u0131ktan sonra su \u0131s\u0131t\u0131c\u0131n\u0131z\u0131 kapat\u0131n ve 10 dakika bekleyin. Ard\u0131ndan kettle'\u0131n\u0131z\u0131 bol su ile \u00e7alkalay\u0131n ve yaln\u0131zca su ekleyerek kettle'\u0131n\u0131z\u0131 \u00e7al\u0131\u015ft\u0131r\u0131n.<br \/>\n\u2022 KAHVE VE \u00c7AY MAK\u0130NELER\u0130 \u0130\u00c7\u0130N: Kullanmadan \u00f6nce makinenizin kullan\u0131m k\u0131lavuzundaki \u201ckire\u00e7 \u00e7\u00f6zme veya temizleme\u201d b\u00f6l\u00fcmlerini mutlaka okuyunuz. Bu b\u00f6l\u00fcmlerin olmamas\u0131 durumunda \u015fu ad\u0131mlar\u0131 izleyin:<br \/>\nMakinenizin su haznesinin ald\u0131\u011f\u0131 kadar \u0131l\u0131k suyu bir kaseye al\u0131n ve \u00fczerine 1 tablet ANTI-X clean K\u00fc\u00e7\u00fck Ev Aletleri Temizleme Tableti ekleyin. Tablet eridikten sonra makinenizin su haznesine suyu d\u00f6k\u00fcn ve 2-3 dakika bekledikten sonra su haznesini bo\u015falt\u0131n. Ard\u0131ndan en az iki kez bol su ile durulay\u0131n.<br \/>\n\u2022 \u00dcT\u00dcLER \u0130\u00c7\u0130N: \u00dct\u00fcn\u00fcz\u00fcn su haznesinin ald\u0131\u011f\u0131 kadar \u0131l\u0131k suyu bir kaseye al\u0131n ve suya 1 tablet ANTI-X clean K\u00fc\u00e7\u00fck Ev Temizlik Tableti ekleyin. Tablet eridikten sonra \u00fct\u00fcn\u00fcz\u00fcn su haznesine suyu d\u00f6k\u00fcn ve 1-2 dakika bekleyin. Ard\u0131ndan, \u00fct\u00fcy\u00fc \u00e7al\u0131\u015ft\u0131rmadan, suyun tabandan akmas\u0131 i\u00e7in buhar veya kire\u00e7 \u00e7\u00f6zme d\u00fc\u011fmesine bas\u0131n. Temizleme i\u015fleminden sonra bu i\u015flemi temiz su ile tekrarlay\u0131n.<\/p>","protected":false},"excerpt":{"rendered":"<p><strong>Small Appliance Cleaner for Kettle:<br \/>\n<\/strong>Fill the kettle with 500 ml of water and add 1 tablet of Antix Clean Small Appliance Cleaning Tablet. Then wait for the water to boil with the lid open, and after boiling, turn off the kettle and wait for 10 minutes. Then rinse the kettle with plenty of water and run the kettle just by adding water.<br \/>\n<b>For Coffee and Tea Machines:<br \/>\n<\/b>Before using, be sure to read the descaling or cleaning sections in the user&#8217;s manual of the machine. In the absence of these sections, perform the following steps:<br \/>\nTake warm water as much as the water tank of your device in a bowl and add a tablet of Antix Clean Small Household Appliances Cleaning Tablet. After the tablet dissolves, pour the water into the water. Open the reservoir of the device and empty the water reservoir after waiting for 2-3 minutes. Then rinse at least twice with plenty of water.<\/p>","protected":false},"featured_media":3424,"template":"","meta":{"inline_featured_image":false},"product_cat":[15],"product_tag":[],"class_list":["post-584","product","type-product","status-publish","has-post-thumbnail","hentry","product_cat-antixclean"],"_links":{"self":[{"href":"https:\/\/antixclean.com.tr\/tr\/wp-json\/wp\/v3\/product\/584","targetHints":{"allow":["GET"]}}],"collection":[{"href":"https:\/\/antixclean.com.tr\/tr\/wp-json\/wp\/v3\/product"}],"about":[{"href":"https:\/\/antixclean.com.tr\/tr\/wp-json\/wp\/v2\/types\/product"}],"wp:featuredmedia":[{"embeddable":true,"href":"https:\/\/antixclean.com.tr\/tr\/wp-json\/wp\/v2\/media\/3424"}],"wp:attachment":[{"href":"https:\/\/antixclean.com.tr\/tr\/wp-json\/wp\/v2\/media?parent=584"}],"wp:term":[{"taxonomy":"product_cat","embeddable":true,"href":"https:\/\/antixclean.com.tr\/tr\/wp-json\/wp\/v2\/product_cat?post=584"},{"taxonomy":"product_tag","embeddable":true,"href":"https:\/\/antixclean.com.tr\/tr\/wp-json\/wp\/v2\/product_tag?post=584"}],"curies":[{"name":"wp","href":"https:\/\/api.w.org\/{rel}","templated":true}]}}