{"id":1389,"date":"2019-04-29T02:37:13","date_gmt":"2019-04-29T02:37:13","guid":{"rendered":"https:\/\/demoapus2.com\/homeo\/?post_type=product&#038;p=1389"},"modified":"2023-05-26T11:56:48","modified_gmt":"2023-05-26T11:56:48","slug":"touch-clean-1800","status":"publish","type":"product","link":"https:\/\/antixclean.com.tr\/tr\/urun\/touch-clean-1800\/","title":{"rendered":"\u00c7ok Ama\u00e7l\u0131 Temizleyici 1800"},"content":{"rendered":"<p><strong>ANIT-X TEM\u0130Z ULTRA \u00dcR\u00dcN<\/strong><br \/>\nANTI-X CLEAN \u00c7ok Ama\u00e7l\u0131 Temizleyici k\u00f6t\u00fc koku \u00f6zelli\u011fi olmayan a\u011fa\u00e7lardan, bitkilerden ve do\u011fal malzemelerden elde edildi\u011finden, en iyi uzmanlar\u0131m\u0131z\u0131n g\u00f6zetiminde form\u00fcle edilmi\u015ftir. Herhangi bir zararl\u0131 madde i\u00e7ermez.<br \/>\n<strong>KULLANIM ALANLARI<\/strong><br \/>\n-\u0130nat\u00e7\u0131 Ya\u011f Lekeleri ve \u0130nat\u00e7\u0131 Lekeler<br \/>\n- Mutfak ve ev gere\u00e7leri<br \/>\n- Beyaz ve renkli giysiler<br \/>\n- Her t\u00fcrl\u00fc kuma\u015f, perde, hal\u0131 ve oturma tak\u0131mlar\u0131<br \/>\n- Saatler, m\u00fccevherler, alt\u0131n, g\u00fcm\u00fc\u015f ve bak\u0131r<br \/>\n- Her t\u00fcrl\u00fc zemin<br \/>\n-Seramik ve lavabolar<br \/>\n<strong>\u0130\u00e7indekiler:<\/strong><br \/>\nDo\u011fal malzemeler, Aqua (Filtrelenmi\u015f Su), Narenciye Limon Yapra\u011f\u0131 Ekstrakt\u0131 (Limon Ya\u011f\u0131), K\u00f6p\u00fck (%1-%2) 1800 ml e<\/p>\n<p>\u2014\u2014\u2014\u2014\u2014\u2014\u2014\u2014\u2014<\/p>\n<p><strong>ANT\u0130X GLOBAL<\/strong><br \/>\nDI\u015e T\u0130CARET L\u0130M\u0130TED \u015e\u0130RKET\u0130 Oru\u00e7reis Mah. Tekstilkent Cad. Tekstilkent sok. Blok A23. No 27 Esenler. \u0130stanbul<br \/>\nTelefon:<br \/>\n+90 535 881 55 60<br \/>\n+90 531 565 89 87<br \/>\n+90 212 532 32 39<\/p>","protected":false},"excerpt":{"rendered":"<p>100% Do\u011fal<br \/>\n100% G\u00fcvenli<br \/>\nANT\u0130 BAKTER\u0130YEL<br \/>\n1800 ml e<br \/>\n<strong>Do\u011fal malzemelerden yap\u0131lm\u0131\u015f<\/strong><\/p>","protected":false},"featured_media":3422,"template":"","meta":{"inline_featured_image":false},"product_cat":[15],"product_tag":[],"class_list":["post-1389","product","type-product","status-publish","has-post-thumbnail","hentry","product_cat-antixclean"],"_links":{"self":[{"href":"https:\/\/antixclean.com.tr\/tr\/wp-json\/wp\/v3\/product\/1389","targetHints":{"allow":["GET"]}}],"collection":[{"href":"https:\/\/antixclean.com.tr\/tr\/wp-json\/wp\/v3\/product"}],"about":[{"href":"https:\/\/antixclean.com.tr\/tr\/wp-json\/wp\/v2\/types\/product"}],"wp:featuredmedia":[{"embeddable":true,"href":"https:\/\/antixclean.com.tr\/tr\/wp-json\/wp\/v2\/media\/3422"}],"wp:attachment":[{"href":"https:\/\/antixclean.com.tr\/tr\/wp-json\/wp\/v2\/media?parent=1389"}],"wp:term":[{"taxonomy":"product_cat","embeddable":true,"href":"https:\/\/antixclean.com.tr\/tr\/wp-json\/wp\/v2\/product_cat?post=1389"},{"taxonomy":"product_tag","embeddable":true,"href":"https:\/\/antixclean.com.tr\/tr\/wp-json\/wp\/v2\/product_tag?post=1389"}],"curies":[{"name":"wp","href":"https:\/\/api.w.org\/{rel}","templated":true}]}}