{"id":1388,"date":"2019-04-29T02:36:23","date_gmt":"2019-04-29T02:36:23","guid":{"rendered":"https:\/\/demoapus2.com\/homeo\/?post_type=product&#038;p=1388"},"modified":"2023-05-26T12:02:37","modified_gmt":"2023-05-26T12:02:37","slug":"touch-clean-5000","status":"publish","type":"product","link":"https:\/\/antixclean.com.tr\/tr\/urun\/touch-clean-5000\/","title":{"rendered":"\u00c7ok Ama\u00e7l\u0131 Temizleyici 5000"},"content":{"rendered":"<p><strong>ANIT-X TEM\u0130Z ULTRA \u00dcR\u00dcN<br \/>\n<\/strong>ANTI-X Clean \u00c7ok Ama\u00e7l\u0131 Temizleyici \u00e7\u0131kar\u0131ld\u0131\u011f\u0131 \u015fekliyle<br \/>\na\u011fa\u00e7lardan, bitkilerden ve do\u011fal malzemelerden ho\u015f olmayan koku \u00f6zelli\u011fi ta\u015f\u0131mayan, en iyi uzmanlar\u0131m\u0131z\u0131n g\u00f6zetiminde form\u00fcle edilmi\u015ftir. Herhangi bir zararl\u0131 madde i\u00e7ermez.<\/p>\n<p>\u2014\u2014\u2014\u2014\u2014\u2014\u2014\u2014\u2014<\/p>\n<p><strong>KULLANIM ALANLARI:<\/strong><br \/>\n-\u0130nat\u00e7\u0131 Ya\u011f Lekeleri ve \u0130nat\u00e7\u0131 Lekeler<br \/>\nMutfak ve ev e\u015fyalar\u0131<br \/>\nBeyaz ve renkli giysiler<br \/>\nHer t\u00fcrl\u00fc kuma\u015f, perde, hal\u0131 ve koltuk tak\u0131mlar\u0131<br \/>\nSaatler, m\u00fccevherat, alt\u0131n, g\u00fcm\u00fc\u015f ve bak\u0131r<br \/>\nHer t\u00fcrl\u00fc zemin<br \/>\nSeramik ve k\u00fcvetler<\/p>\n<p>\u2014\u2014\u2014\u2014\u2014\u2014\u2014\u2014\u2014<\/p>\n<p><strong>\u0130\u00e7indekiler:<\/strong><br \/>\nDo\u011fal malzemeler, Aqua (Filtrelenmi\u015f Su), Narenciye Limon Yapra\u011f\u0131 Ekstrakt\u0131 (Limon Ya\u011f\u0131), K\u00f6p\u00fck (%1-%2)<\/p>","protected":false},"excerpt":{"rendered":"<p>100% Do\u011fal<br \/>\n100% G\u00fcvenli<br \/>\nANT\u0130 BAKTER\u0130YEL<br \/>\n5000 ml e<br \/>\n<strong>Do\u011fal malzemelerden yap\u0131lm\u0131\u015f<\/strong><\/p>","protected":false},"featured_media":3420,"template":"","meta":{"inline_featured_image":false},"product_cat":[15],"product_tag":[],"class_list":["post-1388","product","type-product","status-publish","has-post-thumbnail","hentry","product_cat-antixclean"],"_links":{"self":[{"href":"https:\/\/antixclean.com.tr\/tr\/wp-json\/wp\/v3\/product\/1388","targetHints":{"allow":["GET"]}}],"collection":[{"href":"https:\/\/antixclean.com.tr\/tr\/wp-json\/wp\/v3\/product"}],"about":[{"href":"https:\/\/antixclean.com.tr\/tr\/wp-json\/wp\/v2\/types\/product"}],"wp:featuredmedia":[{"embeddable":true,"href":"https:\/\/antixclean.com.tr\/tr\/wp-json\/wp\/v2\/media\/3420"}],"wp:attachment":[{"href":"https:\/\/antixclean.com.tr\/tr\/wp-json\/wp\/v2\/media?parent=1388"}],"wp:term":[{"taxonomy":"product_cat","embeddable":true,"href":"https:\/\/antixclean.com.tr\/tr\/wp-json\/wp\/v2\/product_cat?post=1388"},{"taxonomy":"product_tag","embeddable":true,"href":"https:\/\/antixclean.com.tr\/tr\/wp-json\/wp\/v2\/product_tag?post=1388"}],"curies":[{"name":"wp","href":"https:\/\/api.w.org\/{rel}","templated":true}]}}