{"id":1385,"date":"2020-02-29T01:28:21","date_gmt":"2020-02-29T01:28:21","guid":{"rendered":"https:\/\/demoapus2.com\/homeo\/?post_type=product&#038;p=1385"},"modified":"2023-07-29T23:08:02","modified_gmt":"2023-07-29T23:08:02","slug":"white-laundry-tablet","status":"publish","type":"product","link":"https:\/\/antixclean.com.tr\/tr\/urun\/white-laundry-tablet\/","title":{"rendered":"Antixclean White laundry tablet"},"content":{"rendered":"<p><strong>Antixclean white laundry tablet<br \/>\n<\/strong><span style=\"font-weight: 400;\">always like new.<\/p>\n<p><\/span><span style=\"font-weight: 400;\">ANTI-X CLEAN\u00a0 white laundry tablet, thanks to its special formula, does not only clean and whiten your clothes, but also provides maintenance for your white clothes.<\/p>\n<p><\/span><span style=\"font-weight: 400;\">&#8212;&#8212;&#8212;&#8212;&#8212;&#8211;<br \/>\n<\/span><\/p>\n<p><strong>Strong texture<br \/>\nRepairing texture<br \/>\nColour protection<br \/>\n<span style=\"font-weight: 400;\"><br \/>\n&#8212;&#8212;&#8212;&#8212;&#8212;&#8211;<\/span><br \/>\n<\/strong><\/p>\n<p><span style=\"font-weight: 400;\">Depending on the stain of your laundry, throw 1-2 tablets into your machine&#8217;s drum or detergent drawer.<br \/>\n<\/span><span style=\"font-weight: 400;\">For hand washing, you can begin the cleaning process after dissolving 1 or 2 tablets in the cleaning bucket depending on the stains of your laundry.<\/p>\n<p>&#8212;&#8212;&#8212;&#8212;&#8212;&#8211;<\/p>\n<p><\/span><span style=\"font-weight: 400;\">P261: toz\/duman\/gaz\/sis\/buhar\/sprey solumaktan ka\u00e7\u0131n\u0131n.<br \/>\n<\/span><span style=\"font-weight: 400;\">P264: Elle\u00e7lemeden sonra suyla iyice y\u0131kay\u0131n.<br \/>\n<\/span><span style=\"font-weight: 400;\">P271: sadece a\u00e7\u0131k havada veya iyi havaland\u0131r\u0131lan bir alanda kullan\u0131n.<br \/>\n<\/span><span style=\"font-weight: 400;\">P273: \u00e7evreye verilmesinden ka\u00e7\u0131n\u0131n.<br \/>\n<\/span><span style=\"font-weight: 400;\">P280: koruyucu eldiven\/koruyucu giysi\/g\u00f6z korumas\u0131\/y\u00fcz korumas\u0131 kullan\u0131n.<br \/>\n<\/span><span style=\"font-weight: 400;\">P305 +P351+P338 G\u00d6Z \u0130LE TEMASI HAL\u0130NDE: Su ile y\u0131kay\u0131n\u0131z. dakika boyunca dikkatlice durulay\u0131n. birka\u00e7 dakika dikkatlice su ile durulay\u0131n.<br \/>\n<\/span><span style=\"font-weight: 400;\">P337+P313: g\u00f6z tahri\u015fi devam ederse t\u0131bbi yard\u0131m\/yard\u0131m al\u0131n<br \/>\n<\/span><span style=\"font-weight: 400;\">P304+P340: SOLUNDU\u011eUNDA: nefes almakta g\u00fc\u00e7l\u00fck \u00e7ekiyorsa, hastay\u0131 temiz havaya \u00e7\u0131kar\u0131n ve rahat nefes alabilece\u011fi bir pozisyonda tutun.<br \/>\n<\/span><span style=\"font-weight: 400;\">P310: hemen toksik madde merkezini veya doktoru\/hekimi aray\u0131n.<br \/>\n<\/span><span style=\"font-weight: 400;\">P310: hemen bir doktor\/doktor \u00e7a\u011f\u0131r\u0131n.<br \/>\n<\/span><span style=\"font-weight: 400;\">P501: \u0130\u00e7eri\u011fi\/kab\u0131 yerel d\u00fczenlemelere g\u00f6re at\u0131n<br \/>\n<\/span><span style=\"font-weight: 400;\">EUH031: Asitlerle temas etti\u011finde zehirli gaz \u00e7\u0131kar\u0131r.<\/span><\/p>","protected":false},"excerpt":{"rendered":"<p><strong>Instructions for use<\/strong><br \/>\nPut 1-2 tablets into the machine according to the dirt stain.<br \/>\nDue to the special components in the tablet, your laundry stays white as on the first day. Antix Clean product not only whitens but also repairs your laundry.<\/p>","protected":false},"featured_media":3430,"template":"","meta":{"inline_featured_image":false},"product_cat":[15],"product_tag":[],"class_list":["post-1385","product","type-product","status-publish","has-post-thumbnail","hentry","product_cat-antixclean"],"_links":{"self":[{"href":"https:\/\/antixclean.com.tr\/tr\/wp-json\/wp\/v3\/product\/1385","targetHints":{"allow":["GET"]}}],"collection":[{"href":"https:\/\/antixclean.com.tr\/tr\/wp-json\/wp\/v3\/product"}],"about":[{"href":"https:\/\/antixclean.com.tr\/tr\/wp-json\/wp\/v2\/types\/product"}],"wp:featuredmedia":[{"embeddable":true,"href":"https:\/\/antixclean.com.tr\/tr\/wp-json\/wp\/v2\/media\/3430"}],"wp:attachment":[{"href":"https:\/\/antixclean.com.tr\/tr\/wp-json\/wp\/v2\/media?parent=1385"}],"wp:term":[{"taxonomy":"product_cat","embeddable":true,"href":"https:\/\/antixclean.com.tr\/tr\/wp-json\/wp\/v2\/product_cat?post=1385"},{"taxonomy":"product_tag","embeddable":true,"href":"https:\/\/antixclean.com.tr\/tr\/wp-json\/wp\/v2\/product_tag?post=1385"}],"curies":[{"name":"wp","href":"https:\/\/api.w.org\/{rel}","templated":true}]}}