{"id":1376,"date":"2019-06-04T09:53:06","date_gmt":"2019-06-04T09:53:06","guid":{"rendered":"https:\/\/apusthemes.com\/wp-demo\/careerup\/?post_type=product&#038;p=1376"},"modified":"2023-07-29T22:43:38","modified_gmt":"2023-07-29T22:43:38","slug":"dish-washer-cleaner-tablets","status":"publish","type":"product","link":"https:\/\/antixclean.com.tr\/tr\/urun\/dish-washer-cleaner-tablets\/","title":{"rendered":"Antixclean Dish Washer cleaner Tablets"},"content":{"rendered":"<p><strong>Have you ever tried the washing machine and small home appliance cleaning tablets?<\/strong><\/p>\n<p>\u2014\u2014\u2014\u2014\u2014\u2014\u2014\u2014\u2014<\/p>\n<p><strong><span class=\"s3\">\u0130\u00c7\u0130NDEK\u0130LER;<br \/>\n<\/span><\/strong><span style=\"font-weight: 400;\">Tartarik asit &gt;<br \/>\n<\/span><span style=\"font-weight: 400;\">S\u00fclfamik asit %5-15<br \/>\n<\/span><span style=\"font-weight: 400;\">Sitrik asit &lt;%5<br \/>\n<\/span><span style=\"font-weight: 400;\">Parf\u00fcm<\/span><\/p>\n<p>\u2014\u2014\u2014\u2014\u2014\u2014\u2014\u2014\u2014<\/p>\n<p><strong>dishwasher cleaner<br \/>\n<\/strong><span style=\"font-weight: 400;\">1- make sure your dishwasher is empty.<br \/>\n<\/span><span style=\"font-weight: 400;\">2- throw 1 tablet into the detergent compartment and 1 tablet into your machine.<br \/>\n<\/span><span style=\"font-weight: 400;\">3- run your machine in cleaning or long program.<\/span><\/p>\n<p>\u2014\u2014\u2014\u2014\u2014\u2014\u2014\u2014\u2014<\/p>\n<p><strong>6 etkili temizlik:<br \/>\n<\/strong><span style=\"font-weight: 400;\">1- removes dirt, lime and detergent residues.<br \/>\n<\/span><span style=\"font-weight: 400;\">2- removes bad smells.<br \/>\n<\/span><span style=\"font-weight: 400;\">3- provides hygiene.<br \/>\n<\/span><span style=\"font-weight: 400;\">4- provides extra freshness.<br \/>\n<\/span><span style=\"font-weight: 400;\">5- 100% effective machine performance.<br \/>\n<\/span><span style=\"font-weight: 400;\">6- protects your washing machine and helps prolong its life.<\/span><\/p>\n<p><span style=\"font-weight: 400;\">\u2014\u2014\u2014\u2014\u2014\u2014\u2014\u2014\u2014<br \/>\n<\/span><\/p>\n<p><strong>benefits:<br \/>\n<\/strong><span style=\"font-weight: 400;\">Did you know that your dishwasher itself needs cleaning and its performance and expected life will increase by providing regular cleaning?<\/span><\/p>\n<p><span style=\"font-weight: 400;\">thanks to 6-effect special formula, the ANTI-X CLEAN\u00a0 dishwasher cleaning tablets remove dirt, lime and detergent residues formed in your machine and provides deep hygiene. provides shiny and pleasant smell after use.<\/span><\/p>\n<p><span style=\"font-weight: 400;\">bula\u015f\u0131k makinenizin yeni gibi g\u00f6r\u00fcnmesine yard\u0131mc\u0131 olur. ayda bir kez uygulanmas\u0131 makinenizin performans\u0131n\u0131 art\u0131racak, enerji ve deterjan tasarrufu sa\u011flayacakt\u0131r. kullan\u0131m s\u0131kl\u0131\u011f\u0131na g\u00f6re haftada bir kullan\u0131labilir.<\/span><\/p>\n<p><strong>Your machine as the first day.<\/strong><\/p>","protected":false},"excerpt":{"rendered":"<p><strong>Instructions for use:<\/strong><br \/>\n1.Make sure the dishwasher is empty.<br \/>\n2.Place one tablet into the chamber of the machine and throw another tablet into the machine.<br \/>\n3.Set your machine to the program you want.<\/p>\n<p><strong>Removes dirt, limescale and cleaning residues.<\/strong><br \/>\n<strong>It removes bad odors.<\/strong><br \/>\n<strong>It provides cleaning.<\/strong><\/p>","protected":false},"featured_media":3429,"template":"","meta":{"inline_featured_image":false},"product_cat":[15],"product_tag":[],"class_list":["post-1376","product","type-product","status-publish","has-post-thumbnail","hentry","product_cat-antixclean"],"_links":{"self":[{"href":"https:\/\/antixclean.com.tr\/tr\/wp-json\/wp\/v3\/product\/1376","targetHints":{"allow":["GET"]}}],"collection":[{"href":"https:\/\/antixclean.com.tr\/tr\/wp-json\/wp\/v3\/product"}],"about":[{"href":"https:\/\/antixclean.com.tr\/tr\/wp-json\/wp\/v2\/types\/product"}],"wp:featuredmedia":[{"embeddable":true,"href":"https:\/\/antixclean.com.tr\/tr\/wp-json\/wp\/v2\/media\/3429"}],"wp:attachment":[{"href":"https:\/\/antixclean.com.tr\/tr\/wp-json\/wp\/v2\/media?parent=1376"}],"wp:term":[{"taxonomy":"product_cat","embeddable":true,"href":"https:\/\/antixclean.com.tr\/tr\/wp-json\/wp\/v2\/product_cat?post=1376"},{"taxonomy":"product_tag","embeddable":true,"href":"https:\/\/antixclean.com.tr\/tr\/wp-json\/wp\/v2\/product_tag?post=1376"}],"curies":[{"name":"wp","href":"https:\/\/api.w.org\/{rel}","templated":true}]}}