{"id":1374,"date":"2019-06-04T09:52:37","date_gmt":"2019-06-04T09:52:37","guid":{"rendered":"https:\/\/apusthemes.com\/wp-demo\/careerup\/?post_type=product&#038;p=1374"},"modified":"2023-07-29T23:59:05","modified_gmt":"2023-07-29T23:59:05","slug":"bleach-tablet","status":"publish","type":"product","link":"https:\/\/antixclean.com.tr\/tr\/urun\/bleach-tablet\/","title":{"rendered":"Antixclean Bleach tablet"},"content":{"rendered":"<p class=\"s6\"><strong>Antixclean Bleach tablet<\/strong><\/p>\n<p class=\"s6\"><span style=\"font-weight: 400;\">It can be used wherever the liquid bleach can be used.<\/span><\/p>\n<p class=\"s6\">\u2014\u2014\u2014\u2014\u2014\u2014\u2014\u2014\u2014<\/p>\n<p class=\"s5\"><span class=\"s2\">Modern deterjan teknolojisi. S\u0131v\u0131 a\u011fart\u0131c\u0131ya harika bir alternatif ANTI-X CLEAN tablet a\u011fart\u0131c\u0131 suda h\u0131zla \u00e7\u00f6z\u00fcn\u00fcr ve aktif hale gelir. Evinizde hijyen sa\u011flar, lekeleri ve k\u00f6t\u00fc kokular\u0131 yok eder. Yer kaplamaz ve plastik t\u00fcketimini azaltarak \u00e7evrenin korunmas\u0131na katk\u0131 sa\u011flar.<br \/>\n\u00fcr\u00fcn bile\u015fimi &gt; klor bazl\u0131 renk gidericiler (troklocence sodyum) i\u00e7erir.<\/span><span class=\"s3\">.<br \/>\n<\/span><span class=\"s2\">Kasa No: 2893-78-9.<\/span><span class=\"s3\">.<br \/>\n<\/span><span class=\"s2\">\u00fcretim tarihi ve seri numaras\u0131 kapa\u011f\u0131n \u00fczerindedir. son kullanma tarihi \u00fcretim tarihinden itibaren 24 ayd\u0131r.<\/span><span class=\"s3\">.<\/span><\/p>\n<p>\u2014\u2014\u2014\u2014\u2014\u2014\u2014\u2014\u2014<\/p>\n<p class=\"s6\"><span class=\"s2\">Bula\u015f\u0131k y\u0131kama s\u0131ras\u0131nda deterjan\u0131n\u0131zla birlikte 1 tablet kullan\u0131ld\u0131\u011f\u0131nda \u00e7ay, kahve ve ruj lekelerinde etkilidir.<br \/>\n<\/span><span class=\"s2\">A\u011fartma i\u00e7in beyaz \u00e7ama\u015f\u0131rlar\u0131 1 tablet deterjan ile makinenizin tamburuna koyun ve tekstile uygun y\u0131kama s\u0131cakl\u0131\u011f\u0131nda y\u0131kay\u0131n.<br \/>\n<\/span><span class=\"s2\">Manuel a\u011fartma i\u00e7in 10 litre suya 2 tablet konur.<br \/>\n<\/span><span class=\"s2\">Wc temizli\u011fi i\u00e7in klozete veya sifona 1 tablet at\u0131p 10 dakika bekleyip sifonu \u00e7ekin.<br \/>\n<\/span><span class=\"s2\">Fayans, seramik ve yer temizli\u011fi i\u00e7in 1 tableti 4 litre suda eritiniz. bu suyu paspas ile zeminlere uygulay\u0131n. 5 dakika sonra durulay\u0131n.<br \/>\n<\/span><span class=\"s2\">\u00c7\u00f6p kutular\u0131n\u0131 temizlemek i\u00e7in 1 tableti 1 litre suda \u00e7\u00f6z\u00fcn ve bu sol\u00fcsyonla \u00e7\u00f6p kutular\u0131n\u0131 temizleyin. 15 dakika sonra durulay\u0131n.<br \/>\nBanyo ve du\u015f temizli\u011fi i\u00e7in 1 tableti 4 litre suda eritip kullan\u0131n, 5 dakika sonra durulay\u0131n.<br \/>\n<\/span><\/p>","protected":false},"excerpt":{"rendered":"<p class=\"s6\"><span class=\"s2\">Oxygen cleaning<br \/>\nPractical and easy to use.<br \/>\nAntix Clean tablet dissolves quickly in water with oxygen and becomes effective. It provides cleanliness in your home and removes stains and bad odors. It does not take up space and protects the environment by reducing the use of plastic.<\/span><\/p>","protected":false},"featured_media":3427,"template":"","meta":{"inline_featured_image":false},"product_cat":[15],"product_tag":[],"class_list":["post-1374","product","type-product","status-publish","has-post-thumbnail","hentry","product_cat-antixclean"],"_links":{"self":[{"href":"https:\/\/antixclean.com.tr\/tr\/wp-json\/wp\/v3\/product\/1374","targetHints":{"allow":["GET"]}}],"collection":[{"href":"https:\/\/antixclean.com.tr\/tr\/wp-json\/wp\/v3\/product"}],"about":[{"href":"https:\/\/antixclean.com.tr\/tr\/wp-json\/wp\/v2\/types\/product"}],"wp:featuredmedia":[{"embeddable":true,"href":"https:\/\/antixclean.com.tr\/tr\/wp-json\/wp\/v2\/media\/3427"}],"wp:attachment":[{"href":"https:\/\/antixclean.com.tr\/tr\/wp-json\/wp\/v2\/media?parent=1374"}],"wp:term":[{"taxonomy":"product_cat","embeddable":true,"href":"https:\/\/antixclean.com.tr\/tr\/wp-json\/wp\/v2\/product_cat?post=1374"},{"taxonomy":"product_tag","embeddable":true,"href":"https:\/\/antixclean.com.tr\/tr\/wp-json\/wp\/v2\/product_tag?post=1374"}],"curies":[{"name":"wp","href":"https:\/\/api.w.org\/{rel}","templated":true}]}}