{"id":1373,"date":"2019-06-04T09:52:26","date_gmt":"2019-06-04T09:52:26","guid":{"rendered":"https:\/\/apusthemes.com\/wp-demo\/careerup\/?post_type=product&#038;p=1373"},"modified":"2023-07-30T00:05:49","modified_gmt":"2023-07-30T00:05:49","slug":"bleach-tablet-with-oxygen","status":"publish","type":"product","link":"https:\/\/antixclean.com.tr\/tr\/urun\/bleach-tablet-with-oxygen\/","title":{"rendered":"Antixclean Bleach tablet with oxygen"},"content":{"rendered":"<p class=\"s7\"><strong>Modern technology of oxygen hygiene<\/strong><\/p>\n<p><span style=\"font-weight: 400;\">Chlorine free<br \/>\n<\/span><span style=\"font-weight: 400;\">Cleaning in every surface<\/span><\/p>\n<p>\u2014\u2014\u2014\u2014\u2014\u2014\u2014\u2014\u2014<\/p>\n<p class=\"s7\"><span class=\"s2\">New form of oxygen hygiene<br \/>\n<\/span><span class=\"s2\">kullan\u0131m\u0131 daha kolay vepratik <\/span><span class=\"s2\">practical<br \/>\n<\/span><span class=\"s2\">oksijenli su \u00e7\u00f6z\u00fcc\u00fc a\u011fartma tableti.<br \/>\n<\/span>ANTI-X CLEAN oksijenli \u00e7ama\u015f\u0131r suyu tableti suda h\u0131zla \u00e7\u00f6z\u00fcnerek kullan\u0131ma haz\u0131r hale gelir.<br \/>\nANTI-X CLEAN oksijenli \u00e7ama\u015f\u0131r suyu tableti evinizde hijyen sa\u011flar, lekeleri, k\u00f6t\u00fc kokular\u0131 giderir ve t\u00fcm renkli \u00e7ama\u015f\u0131rlar\u0131 temizler.<br \/>\nyard\u0131mc\u0131n\u0131z evinizi temizlemek i\u00e7in.<br \/>\nyer kaplamaz, plastik t\u00fcketimini azaltarak \u00e7evrenin korunmas\u0131na katk\u0131 sa\u011flar.<\/p>\n<p>\u2014\u2014\u2014\u2014\u2014\u2014\u2014\u2014\u2014<\/p>\n<p class=\"s7\"><span class=\"s2\">\u2013 Su dolu plastik sprey \u015fi\u015fenize 1-2 tablet ekleyerek mutfak banyo ve t\u00fcm y\u00fczeylerde kullanarak evinizin t\u00fcm temizlik i\u015flemlerinde size yard\u0131mc\u0131 olur.<br \/>\n<\/span><span class=\"s2\">\u2013 Bula\u015f\u0131klar\u0131n y\u0131kanmas\u0131 s\u0131ras\u0131nda bir tablet kat\u0131larak kullan\u0131ld\u0131\u011f\u0131nda \u00e7ay, kahve, ya\u011f ve ruj lekelerinde etkili olacakt\u0131r.<br \/>\n<\/span><span class=\"s2\">\u2013 Tambura 1-2 tablet kat\u0131larak deterjan ile birlikte kullan\u0131ld\u0131\u011f\u0131nda \u00e7ama\u015f\u0131rlar\u0131n\u0131zda temizlik ve hijyen sa\u011flar.<br \/>\n<\/span><span class=\"s2\">\u2013 wc temizli\u011fi i\u00e7in 1 tableti klozetinize at\u0131n veya sifonu \u00e7ekin. 10 dakika bekleyin ve y\u0131kay\u0131n.<br \/>\n\u2013 Fayans, seramik ve yer temizli\u011fi i\u00e7in 3 litre suya 1 tablet at\u0131n\u0131z ve paspas ile temizleyiniz.<br \/>\n\u2013 Banyo ve du\u015f temizli\u011fi i\u00e7in 1 tableti 3 litre suda eriterek kullanabilirsiniz.<br \/>\n<\/span><\/p>\n<p>\u2014\u2014\u2014\u2014\u2014\u2014\u2014\u2014\u2014<\/p>\n<p><span class=\"s2\">Etilendiamintetraasetik asit<br \/>\n<\/span><span class=\"s2\">-sodyum karbonat<br \/>\n<\/span><span class=\"s2\">-sodyum perkarbonat (oksijen bazl\u0131 renk giderici)<br \/>\n-sodyum lauril s\u00fclfat<br \/>\n<\/span><span class=\"s2\">-enzim<br \/>\n<\/span><span class=\"s2\">-parf\u00fcm<\/span><\/p>","protected":false},"excerpt":{"rendered":"<p class=\"s7\"><strong>Oxygen cleaning<\/strong><br \/>\nPractical and easy to use.<br \/>\nAntix Clean tablet dissolves quickly in water with oxygen and becomes effective. It provides cleanliness in your home and removes stains and bad odors. It does not take up space and protects the environment by reducing the use of plastic.<\/p>","protected":false},"featured_media":3426,"template":"","meta":{"inline_featured_image":false},"product_cat":[15],"product_tag":[],"class_list":["post-1373","product","type-product","status-publish","has-post-thumbnail","hentry","product_cat-antixclean"],"_links":{"self":[{"href":"https:\/\/antixclean.com.tr\/tr\/wp-json\/wp\/v3\/product\/1373","targetHints":{"allow":["GET"]}}],"collection":[{"href":"https:\/\/antixclean.com.tr\/tr\/wp-json\/wp\/v3\/product"}],"about":[{"href":"https:\/\/antixclean.com.tr\/tr\/wp-json\/wp\/v2\/types\/product"}],"wp:featuredmedia":[{"embeddable":true,"href":"https:\/\/antixclean.com.tr\/tr\/wp-json\/wp\/v2\/media\/3426"}],"wp:attachment":[{"href":"https:\/\/antixclean.com.tr\/tr\/wp-json\/wp\/v2\/media?parent=1373"}],"wp:term":[{"taxonomy":"product_cat","embeddable":true,"href":"https:\/\/antixclean.com.tr\/tr\/wp-json\/wp\/v2\/product_cat?post=1373"},{"taxonomy":"product_tag","embeddable":true,"href":"https:\/\/antixclean.com.tr\/tr\/wp-json\/wp\/v2\/product_tag?post=1373"}],"curies":[{"name":"wp","href":"https:\/\/api.w.org\/{rel}","templated":true}]}}