{"id":1389,"date":"2019-04-29T02:37:13","date_gmt":"2019-04-29T02:37:13","guid":{"rendered":"https:\/\/demoapus2.com\/homeo\/?post_type=product&#038;p=1389"},"modified":"2023-05-26T11:56:48","modified_gmt":"2023-05-26T11:56:48","slug":"touch-clean-1800","status":"publish","type":"product","link":"https:\/\/antixclean.com.tr\/ar\/product\/touch-clean-1800\/","title":{"rendered":"\u0627\u0644\u0645\u0646\u0638\u0641 \u0627\u0644\u0634\u0627\u0645\u0644 \u0644\u062c\u0645\u064a\u0639 \u0627\u0644\u0627\u0633\u062a\u062e\u062f\u0627\u0645\u0627\u062a 1800"},"content":{"rendered":"<p><strong>\u0645\u0646\u062a\u062c \u0627\u0646\u062a\u0643\u0633 \u0643\u0644\u064a\u0646 \u0623\u0644\u062a\u0631\u0627<\/strong><br \/>\n\u0645\u0646\u0638\u0641 \u0634\u0627\u0645\u0644 \u0645\u0633\u062a\u062e\u0644\u0635 \u0645\u0646 \u0627\u0644\u0623\u0634\u062c\u0627\u0631 \u0648\u0627\u0644\u0623\u0639\u0634\u0627\u0628 \u0648\u0627\u0644\u0645\u0648\u0627\u062f \u0627\u0644\u0637\u0628\u064a\u0639\u064a\u0629 \u0628\u062f\u0648\u0646 \u062e\u0627\u0635\u064a\u0629 \u0627\u0644\u0631\u0648\u0627\u0626\u062d \u0627\u0644\u0643\u0631\u064a\u0647\u0629 \u060c \u0635\u0646\u0639 \u0628\u0625\u0634\u0631\u0627\u0641 \u0623\u0641\u0636\u0644 \u0627\u0644\u062e\u0628\u0631\u0627\u0621 \u0644\u062f\u064a\u0646\u0627 \u0644\u0627 \u064a\u062d\u062a\u0648\u064a \u0639\u0644\u0649 \u0623\u064a \u0645\u0648\u0627\u062f \u0636\u0627\u0631\u0629<br \/>\n<strong>\u0627\u0644\u0625\u0633\u062a\u062e\u062f\u0627\u0645\u0627\u062a<\/strong><br \/>\n\u0628\u0642\u0639 \u0627\u0644\u0632\u064a\u0648\u062a \u0627\u0644\u0645\u0633\u062a\u0639\u0635\u064a\u0629 \u0648\u0627\u0644\u0628\u0642\u0639 \u0627\u0644\u0635\u0639\u0628\u0629<br \/>\n\u0645\u0639\u062f\u0627\u062a \u0627\u0644\u0645\u0637\u0627\u0628\u062e \u0648\u0627\u0644\u0627\u0648\u0627\u0646\u064a \u0627\u0644\u0645\u0646\u0632\u0644\u064a\u0629<br \/>\n\u0627\u0644\u0645\u0644\u0627\u0628\u0633 \u0627\u0644\u0628\u064a\u0636\u0627\u0621 \u0648\u0627\u0644\u0645\u0644\u0648\u0646\u0629<br \/>\n\u062c\u0645\u064a\u0639 \u0623\u0646\u0648\u0627\u0639 \u0627\u0644\u0627\u0642\u0645\u0634\u0629 \u0627\u0644\u0633\u062a\u0627\u0626\u0631 \u0648\u0627\u0644\u0633\u062c\u0627\u062f \u0648\u0623\u0637\u0642\u0645 \u0627\u0644\u062c\u0644\u0648\u0633<br \/>\n\u0627\u0644\u0633\u0627\u0639\u0627\u062a \u0648\u0627\u0644\u0645\u062c\u0648\u0647\u0631\u0627\u062a \u0648\u0627\u0644\u0630\u0647\u0628 \u0648\u0627\u0644\u0641\u0636\u064a\u0627\u062a \u0648\u0627\u0644\u0646\u062d\u0627\u0633\u064a\u0627\u062a<br \/>\n\u062c\u0645\u064a\u0639 \u0623\u0646\u0648\u0627\u0639 \u0627\u0644\u0627\u0631\u0636\u064a\u0627\u062a<br \/>\n\u0627\u0644\u0633\u064a\u0631\u0627\u0645\u064a\u0643 \u0648\u0623\u062d\u0648\u0627\u0636 \u0627\u0644\u0627\u0633\u062a\u062d\u0645\u0627\u0645<br \/>\n<strong>\u0627\u0644\u0645\u0643\u0648\u0646\u0627\u062a:<\/strong><br \/>\n\u0645\u0648\u0627\u062f \u0637\u0628\u064a\u0639\u064a\u0629 : \u0645\u0627\u0621 \u0645\u0642\u0637\u0631 \u060c \u0632\u064a\u062a \u0623\u0648\u0631\u0627\u0642 \u0627\u0644\u0644\u064a\u0645\u0648\u0646\u060c \u0631\u063a\u0648\u0629 (2-1)<\/p>\n<p>\u2014\u2014\u2014\u2014\u2014\u2014\u2014\u2014\u2014<\/p>\n<p><strong>ANT\u0130X GLOBAL<\/strong><br \/>\nDI\u015e T\u0130CARET L\u0130M\u0130TED \u015e\u0130RKET\u0130 Oru\u00e7reis Mah. Tekstilkent Cad. Tekstilkent sok. Blok A23. No 27 Esenler. \u0130stanbul<br \/>\nTelefon:<br \/>\n+90 535 881 55 60<br \/>\n+90 531 565 89 87<br \/>\n+90 212 532 32 39<\/p>","protected":false},"excerpt":{"rendered":"<p>100\u066a \u0637\u0628\u064a\u0639\u064a<br \/>\n\u066a 100 \u0622\u0645\u0646<br \/>\n\u0645\u0636\u0627\u062f \u0644\u0644\u0628\u0643\u062a\u064a\u0631\u064a\u0627<br \/>\n1800 \u0645\u0644<br \/>\n<strong>\u0645\u0635\u0646\u0648\u0639 \u0645\u0646 \u0645\u0648\u0627\u062f \u0637\u0628\u064a\u0639\u064a\u0629<\/strong><\/p>","protected":false},"featured_media":3422,"template":"","meta":{"inline_featured_image":false},"product_cat":[15],"product_tag":[],"class_list":["post-1389","product","type-product","status-publish","has-post-thumbnail","hentry","product_cat-antixclean"],"_links":{"self":[{"href":"https:\/\/antixclean.com.tr\/ar\/wp-json\/wp\/v3\/product\/1389","targetHints":{"allow":["GET"]}}],"collection":[{"href":"https:\/\/antixclean.com.tr\/ar\/wp-json\/wp\/v3\/product"}],"about":[{"href":"https:\/\/antixclean.com.tr\/ar\/wp-json\/wp\/v2\/types\/product"}],"wp:featuredmedia":[{"embeddable":true,"href":"https:\/\/antixclean.com.tr\/ar\/wp-json\/wp\/v2\/media\/3422"}],"wp:attachment":[{"href":"https:\/\/antixclean.com.tr\/ar\/wp-json\/wp\/v2\/media?parent=1389"}],"wp:term":[{"taxonomy":"product_cat","embeddable":true,"href":"https:\/\/antixclean.com.tr\/ar\/wp-json\/wp\/v2\/product_cat?post=1389"},{"taxonomy":"product_tag","embeddable":true,"href":"https:\/\/antixclean.com.tr\/ar\/wp-json\/wp\/v2\/product_tag?post=1389"}],"curies":[{"name":"wp","href":"https:\/\/api.w.org\/{rel}","templated":true}]}}